{"id":18616,"date":"2026-03-16T10:54:26","date_gmt":"2026-03-16T10:54:26","guid":{"rendered":"https:\/\/globalhungary.hu\/?page_id=18616"},"modified":"2026-03-16T11:11:09","modified_gmt":"2026-03-16T11:11:09","slug":"keszpenzes-vetel","status":"publish","type":"page","link":"https:\/\/globalhungary.hu\/index.php\/keszpenzes-vetel\/","title":{"rendered":"K\u00e9szp\u00e9nzes v\u00e9tel"},"content":{"rendered":"\t\t<div data-elementor-type=\"wp-page\" data-elementor-id=\"18616\" class=\"elementor elementor-18616\">\n\t\t\t\t<div class=\"elementor-element elementor-element-2dddadf e-flex e-con-boxed e-con e-parent\" data-id=\"2dddadf\" data-element_type=\"container\" data-e-type=\"container\">\n\t\t\t\t\t<div class=\"e-con-inner\">\n\t\t\t\t<div class=\"elementor-element elementor-element-069a3af elementor-widget elementor-widget-heading\" data-id=\"069a3af\" data-element_type=\"widget\" data-e-type=\"widget\" data-widget_type=\"heading.default\">\n\t\t\t\t\t<h2 class=\"elementor-heading-title elementor-size-default\">K\u00c9SZP\u00c9NZES V\u00c9TEL AK\u00c1R 48 \u00d3R\u00c1N BEL\u00dcL<\/h2>\t\t\t\t<\/div>\n\t\t\t\t\t<\/div>\n\t\t\t\t<\/div>\n\t\t<div class=\"elementor-element elementor-element-3ed91b0 e-con-full e-flex e-con e-parent\" data-id=\"3ed91b0\" data-element_type=\"container\" data-e-type=\"container\">\n\t\t\t\t<div class=\"elementor-element elementor-element-aa91f79 elementor-widget elementor-widget-text-editor\" data-id=\"aa91f79\" data-element_type=\"widget\" data-e-type=\"widget\" data-widget_type=\"text-editor.default\">\n\t\t\t\t\t\t\t\t\t<p data-start=\"231\" data-end=\"246\"><strong data-start=\"231\" data-end=\"246\">\u00dcdv\u00f6z\u00f6lj\u00fck!<\/strong><\/p>\n<p data-start=\"248\" data-end=\"320\"><b>Nagyobb k\u00e9szp\u00e9nzre van sz\u00fcks\u00e9ge \u00e9s ingatlanban \u00e1ll a p\u00e9nze?<br data-start=\"307\" data-end=\"310\">Megoldjuk!<\/b><\/p>\n<p><\/p>\n<p data-start=\"322\" data-end=\"578\">A Global Hungary Ingatlan Iroda 25 \u00e9ve, 1999 \u00f3ta van jelen a p\u00e9csi, 2016 \u00f3ta pedig m\u00e1r a budapesti ingatlanpiacon is. F\u0151 profilunk az ingatlan forgalmaz\u00e1s \u00e9s az ingatlan beruh\u00e1z\u00e1s. Ezek mellett <strong data-start=\"516\" data-end=\"578\">KIEMELTEN FOGLALKOZUNK INGATLANOK K\u00c9SZP\u00c9NZES V\u00c9TEL\u00c9VEL IS!<\/strong><\/p>\t\t\t\t\t\t\t\t<\/div>\n\t\t\t\t<div class=\"elementor-element elementor-element-dc5baa7 elementor-widget elementor-widget-text-editor\" data-id=\"dc5baa7\" data-element_type=\"widget\" data-e-type=\"widget\" data-widget_type=\"text-editor.default\">\n\t\t\t\t\t\t\t\t\t<p data-start=\"615\" data-end=\"646\"><strong data-start=\"615\" data-end=\"646\">INGATLAN\u00c9RT\u00c9KES\u00cdT\u00c9S M\u00c1SK\u00c9PP<\/strong><\/p><p>\u00a0<\/p><p data-start=\"648\" data-end=\"823\">Amennyiben elad\u00f3 ingatlana van, minden bizonnyal az \u00d6n sz\u00e1m\u00e1ra is fontos, hogy olyan megb\u00edzhat\u00f3 irod\u00e1val dolgozzon egy\u00fctt, amelyik kihozza a legt\u00f6bbet az ingatlana elad\u00e1s\u00e1b\u00f3l.<\/p>\t\t\t\t\t\t\t\t<\/div>\n\t\t\t\t<div class=\"elementor-element elementor-element-91b1b28 elementor-widget elementor-widget-text-editor\" data-id=\"91b1b28\" data-element_type=\"widget\" data-e-type=\"widget\" data-widget_type=\"text-editor.default\">\n\t\t\t\t\t\t\t\t\t<p data-start=\"863\" data-end=\"884\"><strong data-start=\"863\" data-end=\"884\">\u00cdgy dolgozunk mi:<\/strong><\/p><ul data-start=\"886\" data-end=\"1797\"><li data-section-id=\"11z6vmc\" data-start=\"886\" data-end=\"950\"><p data-start=\"888\" data-end=\"950\">\u00fcgyf\u00e9lorient\u00e1lt, szem\u00e9lyre szabott \u00e9rt\u00e9kes\u00edt\u00e9si strat\u00e9gi\u00e1val<\/p><\/li><li data-section-id=\"vf01rp\" data-start=\"951\" data-end=\"1059\"><p data-start=\"953\" data-end=\"1059\">egy ingatlan\u2013egy referens: koll\u00e9g\u00e1nk minden mutat\u00e1sn\u00e1l szem\u00e9lyesen jelen van \u00e9s k\u00e9pviseli az \u00d6n \u00e9rdekeit<\/p><\/li><li data-section-id=\"cldpd3\" data-start=\"1060\" data-end=\"1189\"><p data-start=\"1062\" data-end=\"1189\">el\u0151sz\u0171rj\u00fck az \u00e9rdekl\u0151d\u0151ket, csak komoly \u00e9rdekl\u0151d\u0151knek mutatjuk be az ingatlan\u00e1t, \u00edgy megk\u00edm\u00e9lj\u00fck \u00d6nt az \u201eingatlanturist\u00e1kt\u00f3l\u201d<\/p><\/li><li data-section-id=\"gtk879\" data-start=\"1190\" data-end=\"1299\"><p data-start=\"1192\" data-end=\"1299\">bizalmasan, diszkr\u00e9ten kezelj\u00fck az elad\u00f3 szem\u00e9lyes \u00e9s az ingatlannal kapcsolatos adataikat, inform\u00e1ci\u00f3kat<\/p><\/li><li data-section-id=\"u0rnyt\" data-start=\"1300\" data-end=\"1370\"><p data-start=\"1302\" data-end=\"1370\">k\u00f6zrem\u0171k\u00f6d\u00fcnk az <strong data-start=\"1319\" data-end=\"1353\">ingatlan csere \u00e9s \u2013 besz\u00e1m\u00edt\u00e1s<\/strong> bonyol\u00edt\u00e1s\u00e1ban<\/p><\/li><li data-section-id=\"1opd0uf\" data-start=\"1371\" data-end=\"1478\"><p data-start=\"1373\" data-end=\"1478\">probl\u00e9m\u00e1s (terhelt, v\u00e9grehajt\u00e1s vagy felsz\u00e1mol\u00e1s alatt \u00e1ll\u00f3) <strong data-start=\"1434\" data-end=\"1464\">ingatlan\u00fcgyek megold\u00e1s\u00e1ban<\/strong> is seg\u00edt\u00fcnk<\/p><\/li><li data-section-id=\"72ndj5\" data-start=\"1479\" data-end=\"1645\"><p data-start=\"1481\" data-end=\"1645\">ingyen biztos\u00edtjuk a <strong data-start=\"1502\" data-end=\"1519\">jogi h\u00e1tteret<\/strong>, az \u00fcgyv\u00e9di konzult\u00e1ci\u00f3t, \u00edgy n\u00e1lunk az elad\u00f3k is teljes biztons\u00e1gban \u00e9rezhetik magukat az ad\u00e1sv\u00e9tel teljes folyamata alatt<\/p><\/li><li data-section-id=\"1mjutfc\" data-start=\"1646\" data-end=\"1711\"><p data-start=\"1648\" data-end=\"1711\"><strong data-start=\"1648\" data-end=\"1709\">k\u00e9szp\u00e9nz\u00e9rt is v\u00e1s\u00e1rolunk ingatlanokat ak\u00e1r 48 \u00f3r\u00e1n bel\u00fcl<\/strong><\/p><\/li><li data-section-id=\"mp6j5i\" data-start=\"1712\" data-end=\"1797\"><p data-start=\"1714\" data-end=\"1797\">\u00d6n helyett hirdetj\u00fck az ingatlant a leghat\u00e9konyabb hirdet\u00e9si mix \u00f6ssze\u00e1ll\u00edt\u00e1s\u00e1val<\/p><\/li><\/ul><p data-start=\"1799\" data-end=\"1866\"><strong data-start=\"1799\" data-end=\"1866\">\u00c9lvezze \u00d6n is mindezen el\u0151ny\u00f6ket \u00e9s<br data-start=\"1836\" data-end=\"1839\" \/>LEGYEN KIEMELT \u00dcGYFEL\u00dcNK!<\/strong><\/p>\t\t\t\t\t\t\t\t<\/div>\n\t\t\t\t<div class=\"elementor-element elementor-element-96c554b elementor-widget elementor-widget-heading\" data-id=\"96c554b\" data-element_type=\"widget\" data-e-type=\"widget\" data-widget_type=\"heading.default\">\n\t\t\t\t\t<h2 class=\"elementor-heading-title elementor-size-default\">TEGYE MEG AZ ELS\u0150 L\u00c9P\u00c9ST!<\/h2>\t\t\t\t<\/div>\n\t\t\t\t<\/div>\n\t\t\t\t<\/div>\n\t\t","protected":false},"excerpt":{"rendered":"<p>K\u00c9SZP\u00c9NZES V\u00c9TEL AK\u00c1R 48 \u00d3R\u00c1N BEL\u00dcL \u00dcdv\u00f6z\u00f6lj\u00fck! Nagyobb k\u00e9szp\u00e9nzre van sz\u00fcks\u00e9ge \u00e9s ingatlanban \u00e1ll a p\u00e9nze?Megoldjuk! A Global Hungary Ingatlan Iroda 25 \u00e9ve, 1999 \u00f3ta van jelen a p\u00e9csi, 2016 \u00f3ta pedig m\u00e1r a budapesti ingatlanpiacon is. F\u0151 profilunk az ingatlan forgalmaz\u00e1s \u00e9s az ingatlan beruh\u00e1z\u00e1s. Ezek mellett KIEMELTEN FOGLALKOZUNK INGATLANOK K\u00c9SZP\u00c9NZES V\u00c9TEL\u00c9VEL IS! INGATLAN\u00c9RT\u00c9KES\u00cdT\u00c9S [&hellip;]<\/p>\n","protected":false},"author":1,"featured_media":0,"parent":0,"menu_order":0,"comment_status":"closed","ping_status":"closed","template":"template\/template-homepage.php","meta":{"footnotes":""},"class_list":["post-18616","page","type-page","status-publish","hentry"],"_links":{"self":[{"href":"https:\/\/globalhungary.hu\/index.php\/wp-json\/wp\/v2\/pages\/18616","targetHints":{"allow":["GET"]}}],"collection":[{"href":"https:\/\/globalhungary.hu\/index.php\/wp-json\/wp\/v2\/pages"}],"about":[{"href":"https:\/\/globalhungary.hu\/index.php\/wp-json\/wp\/v2\/types\/page"}],"author":[{"embeddable":true,"href":"https:\/\/globalhungary.hu\/index.php\/wp-json\/wp\/v2\/users\/1"}],"replies":[{"embeddable":true,"href":"https:\/\/globalhungary.hu\/index.php\/wp-json\/wp\/v2\/comments?post=18616"}],"version-history":[{"count":9,"href":"https:\/\/globalhungary.hu\/index.php\/wp-json\/wp\/v2\/pages\/18616\/revisions"}],"predecessor-version":[{"id":18629,"href":"https:\/\/globalhungary.hu\/index.php\/wp-json\/wp\/v2\/pages\/18616\/revisions\/18629"}],"wp:attachment":[{"href":"https:\/\/globalhungary.hu\/index.php\/wp-json\/wp\/v2\/media?parent=18616"}],"curies":[{"name":"wp","href":"https:\/\/api.w.org\/{rel}","templated":true}]}}