{"id":18652,"date":"2026-03-17T14:33:01","date_gmt":"2026-03-17T14:33:01","guid":{"rendered":"https:\/\/globalhungary.hu\/?page_id=18652"},"modified":"2026-03-17T15:06:37","modified_gmt":"2026-03-17T15:06:37","slug":"ingatlan-csere","status":"publish","type":"page","link":"https:\/\/globalhungary.hu\/index.php\/ingatlan-csere\/","title":{"rendered":"Ingatlan Csere"},"content":{"rendered":"\t\t<div data-elementor-type=\"wp-page\" data-elementor-id=\"18652\" class=\"elementor elementor-18652\">\n\t\t\t\t<div class=\"elementor-element elementor-element-8d2498e e-flex e-con-boxed e-con e-parent\" data-id=\"8d2498e\" data-element_type=\"container\" data-e-type=\"container\">\n\t\t\t\t\t<div class=\"e-con-inner\">\n\t\t\t\t<div class=\"elementor-element elementor-element-e31672b elementor-widget elementor-widget-heading\" data-id=\"e31672b\" data-element_type=\"widget\" data-e-type=\"widget\" data-widget_type=\"heading.default\">\n\t\t\t\t\t<h2 class=\"elementor-heading-title elementor-size-default\">INGATLAN CSERE BESZ\u00c1M\u00cdT\u00c1S<\/h2>\t\t\t\t<\/div>\n\t\t\t\t\t<\/div>\n\t\t\t\t<\/div>\n\t\t<div class=\"elementor-element elementor-element-11d0925 e-flex e-con-boxed e-con e-parent\" data-id=\"11d0925\" data-element_type=\"container\" data-e-type=\"container\">\n\t\t\t\t\t<div class=\"e-con-inner\">\n\t\t\t\t<div class=\"elementor-element elementor-element-dc19336 elementor-widget elementor-widget-text-editor\" data-id=\"dc19336\" data-element_type=\"widget\" data-e-type=\"widget\" data-widget_type=\"text-editor.default\">\n\t\t\t\t\t\t\t\t\t\n<div class=\"wpcf7 no-js\" id=\"wpcf7-f18666-o1\" lang=\"hu-HU\" dir=\"ltr\" data-wpcf7-id=\"18666\">\n<div class=\"screen-reader-response\"><p role=\"status\" aria-live=\"polite\" aria-atomic=\"true\"><\/p> <ul><\/ul><\/div>\n<form action=\"\/index.php\/wp-json\/wp\/v2\/pages\/18652#wpcf7-f18666-o1\" method=\"post\" class=\"wpcf7-form init\" aria-label=\"Kapcsolatfelv\u00e9teli \u0171rlap\" enctype=\"multipart\/form-data\" novalidate=\"novalidate\" data-status=\"init\">\n<fieldset class=\"hidden-fields-container\"><input type=\"hidden\" name=\"_wpcf7\" value=\"18666\" \/><input type=\"hidden\" name=\"_wpcf7_version\" value=\"6.1.5\" \/><input type=\"hidden\" name=\"_wpcf7_locale\" value=\"hu_HU\" \/><input type=\"hidden\" name=\"_wpcf7_unit_tag\" value=\"wpcf7-f18666-o1\" \/><input type=\"hidden\" name=\"_wpcf7_container_post\" value=\"0\" \/><input type=\"hidden\" name=\"_wpcf7_posted_data_hash\" value=\"\" \/><input type=\"hidden\" name=\"_wpcf7_recaptcha_response\" value=\"\" \/>\n<\/fieldset>\n<div style=\"display:flex; flex-wrap:wrap; gap:20px; margin-bottom:20px;\">\n\t<div style=\"flex:1; min-width:250px;\">\n\t\t<p><label>N\u00e9v *<\/label>\n\t\t<\/p>\n\t\t<p><span class=\"wpcf7-form-control-wrap\" data-name=\"your-name\"><input size=\"40\" maxlength=\"400\" class=\"wpcf7-form-control wpcf7-text wpcf7-validates-as-required\" aria-required=\"true\" aria-invalid=\"false\" value=\"\" type=\"text\" name=\"your-name\" \/><\/span>\n\t\t<\/p>\n\t<\/div>\n\t<div style=\"flex:1; min-width:250px;\">\n\t\t<p><label>Telefonsz\u00e1m *<\/label>\n\t\t<\/p>\n\t\t<p><span class=\"wpcf7-form-control-wrap\" data-name=\"your-phone\"><input size=\"40\" maxlength=\"400\" class=\"wpcf7-form-control wpcf7-tel wpcf7-validates-as-required wpcf7-text wpcf7-validates-as-tel\" aria-required=\"true\" aria-invalid=\"false\" value=\"\" type=\"tel\" name=\"your-phone\" \/><\/span>\n\t\t<\/p>\n\t<\/div>\n\t<div style=\"flex:1; min-width:250px;\">\n\t\t<p><label>E-mail c\u00edm *<\/label>\n\t\t<\/p>\n\t\t<p><span class=\"wpcf7-form-control-wrap\" data-name=\"your-email\"><input size=\"40\" maxlength=\"400\" class=\"wpcf7-form-control wpcf7-email wpcf7-validates-as-required wpcf7-text wpcf7-validates-as-email\" aria-required=\"true\" aria-invalid=\"false\" value=\"\" type=\"email\" name=\"your-email\" \/><\/span>\n\t\t<\/p>\n\t<\/div>\n<\/div>\n<div style=\"display:flex; flex-wrap:wrap; gap:20px; margin-bottom:20px;\">\n\t<div style=\"flex:1; min-width:250px;\">\n\t\t<p><label>Az eladni k\u00edv\u00e1nt ingatlan melyik v\u00e1rosba tal\u00e1lhat\u00f3? *<\/label>\n\t\t<\/p>\n\t\t<p><span class=\"wpcf7-form-control-wrap\" data-name=\"city\"><input size=\"40\" maxlength=\"400\" class=\"wpcf7-form-control wpcf7-text wpcf7-validates-as-required\" aria-required=\"true\" aria-invalid=\"false\" value=\"\" type=\"text\" name=\"city\" \/><\/span>\n\t\t<\/p>\n\t<\/div>\n\t<div style=\"flex:1; min-width:250px;\">\n\t\t<p><label>Utca, h\u00e1zsz\u00e1m<\/label>\n\t\t<\/p>\n\t\t<p><span class=\"wpcf7-form-control-wrap\" data-name=\"address\"><input size=\"40\" maxlength=\"400\" class=\"wpcf7-form-control wpcf7-text\" aria-invalid=\"false\" value=\"\" type=\"text\" name=\"address\" \/><\/span>\n\t\t<\/p>\n\t<\/div>\n<\/div>\n<div style=\"display:flex; flex-wrap:wrap; gap:20px; margin-bottom:20px;\">\n\t<div style=\"flex:1; min-width:250px;\">\n\t\t<p><label>Milyen ingatlant keres?<\/label>\n\t\t<\/p>\n\t\t<p><span class=\"wpcf7-form-control-wrap\" data-name=\"search-property\"><textarea cols=\"40\" rows=\"10\" maxlength=\"2000\" class=\"wpcf7-form-control wpcf7-textarea\" aria-invalid=\"false\" name=\"search-property\"><\/textarea><\/span>\n\t\t<\/p>\n\t<\/div>\n\t<div style=\"flex:1; min-width:250px;\">\n\t\t<p><label>Milyen ingatlant adna el?<\/label>\n\t\t<\/p>\n\t\t<p><span class=\"wpcf7-form-control-wrap\" data-name=\"sell-property\"><textarea cols=\"40\" rows=\"10\" maxlength=\"2000\" class=\"wpcf7-form-control wpcf7-textarea\" aria-invalid=\"false\" name=\"sell-property\"><\/textarea><\/span>\n\t\t<\/p>\n\t<\/div>\n\t<div style=\"flex:1; min-width:250px;\">\n\t\t<p><label>Milyen ingatlan cser\u00e9besz\u00e1m\u00edt\u00e1sa \u00e9rdekli?<\/label>\n\t\t<\/p>\n\t\t<p><span class=\"wpcf7-form-control-wrap\" data-name=\"trade-property\"><textarea cols=\"40\" rows=\"10\" maxlength=\"2000\" class=\"wpcf7-form-control wpcf7-textarea\" aria-invalid=\"false\" name=\"trade-property\"><\/textarea><\/span>\n\t\t<\/p>\n\t<\/div>\n<\/div>\n<div style=\"display:flex; flex-wrap:wrap; gap:20px; margin-bottom:20px;\">\n\t<div style=\"flex:2; min-width:300px;\">\n\t\t<p><label>\u00dczenet<\/label>\n\t\t<\/p>\n\t\t<p><span class=\"wpcf7-form-control-wrap\" data-name=\"message\"><textarea cols=\"40\" rows=\"10\" maxlength=\"2000\" class=\"wpcf7-form-control wpcf7-textarea\" aria-invalid=\"false\" name=\"message\"><\/textarea><\/span>\n\t\t<\/p>\n\t<\/div>\n\t<div style=\"flex:1; min-width:250px;\">\n\t\t<p><label>K\u00e9pek, tervrajz az ingatlanr\u00f3l<\/label>\n\t\t<\/p>\n\t\t<p><span class=\"wpcf7-form-control-wrap\" data-name=\"file-upload\"><input size=\"40\" class=\"wpcf7-form-control wpcf7-file\" accept=\".pdf,.jpg,.jpeg,.png\" aria-invalid=\"false\" type=\"file\" name=\"file-upload\" \/><\/span>\n\t\t<\/p>\n\t<\/div>\n<\/div>\n<div style=\"margin-bottom:20px;\">\n\t<p><span class=\"wpcf7-form-control-wrap\" data-name=\"acceptance-113\"><span class=\"wpcf7-form-control wpcf7-acceptance\"><span class=\"wpcf7-list-item\"><label><input type=\"checkbox\" name=\"acceptance-113\" value=\"1\" aria-invalid=\"false\" \/><span class=\"wpcf7-list-item-label\">Elfogadom az <a href=\"\/altalanos-szerzodesi-feltetelek\/\" target=\"_blank\">\u00c1SZF-et<\/a> \u00e9s az \n  <a href=\"https:\/\/globalhungary.hu\/wp-content\/uploads\/2026\/03\/adatvedelmi_tajekoztato.pdf\" target=\"_blank\">adatkezel\u00e9si t\u00e1j\u00e9koztat\u00f3t<\/a>.<\/span><\/label><\/span><\/span><\/span>\n\t<\/p>\n<\/div>\n<div style=\"margin-top:10px;\">\n\t<p><input type=\"submit\" value=\"K\u00fcld\u00e9s\"\n    style=\"background:#2c3e50; color:#fff; padding:12px 25px; border:none; cursor:pointer; font-size:16px;\" \/>\n\t<\/p>\n<\/div><div class=\"wpcf7-response-output\" aria-hidden=\"true\"><\/div>\n<\/form>\n<\/div>\n\t\t\t\t\t\t\t\t<\/div>\n\t\t\t\t\t<\/div>\n\t\t\t\t<\/div>\n\t\t\t\t<\/div>\n\t\t","protected":false},"excerpt":{"rendered":"<p>INGATLAN CSERE BESZ\u00c1M\u00cdT\u00c1S<\/p>\n","protected":false},"author":1,"featured_media":0,"parent":0,"menu_order":0,"comment_status":"closed","ping_status":"closed","template":"template\/template-homepage.php","meta":{"footnotes":""},"class_list":["post-18652","page","type-page","status-publish","hentry"],"_links":{"self":[{"href":"https:\/\/globalhungary.hu\/index.php\/wp-json\/wp\/v2\/pages\/18652","targetHints":{"allow":["GET"]}}],"collection":[{"href":"https:\/\/globalhungary.hu\/index.php\/wp-json\/wp\/v2\/pages"}],"about":[{"href":"https:\/\/globalhungary.hu\/index.php\/wp-json\/wp\/v2\/types\/page"}],"author":[{"embeddable":true,"href":"https:\/\/globalhungary.hu\/index.php\/wp-json\/wp\/v2\/users\/1"}],"replies":[{"embeddable":true,"href":"https:\/\/globalhungary.hu\/index.php\/wp-json\/wp\/v2\/comments?post=18652"}],"version-history":[{"count":8,"href":"https:\/\/globalhungary.hu\/index.php\/wp-json\/wp\/v2\/pages\/18652\/revisions"}],"predecessor-version":[{"id":18670,"href":"https:\/\/globalhungary.hu\/index.php\/wp-json\/wp\/v2\/pages\/18652\/revisions\/18670"}],"wp:attachment":[{"href":"https:\/\/globalhungary.hu\/index.php\/wp-json\/wp\/v2\/media?parent=18652"}],"curies":[{"name":"wp","href":"https:\/\/api.w.org\/{rel}","templated":true}]}}